{"id":5,"date":"2020-12-17T19:17:20","date_gmt":"2020-12-17T18:17:20","guid":{"rendered":"http:\/\/blog.otto-schmidt.de\/cfmueller\/?page_id=5"},"modified":"2021-01-28T21:21:31","modified_gmt":"2021-01-28T20:21:31","slug":"ueber-dieses-blog","status":"publish","type":"page","link":"https:\/\/blog.otto-schmidt.de\/cfmueller\/ueber-dieses-blog\/","title":{"rendered":"Jura auf den \u2022 gebracht"},"content":{"rendered":"<p>Generationen von Jura-Studierenden haben sich mit den C.F. M\u00fcller Lehrbuch-Reihen wie der \u201eblauen Reihe\u201d (Schwerpunkte Pflichtfach und Schwerpunktbereich) und der \u201egr\u00fcnen Reihe\u201d (Unirep Jura) auf ihr erstes und zweites Staatsexamen vorbereitet. J\u00fcngstes Mitglied in der Lernbuch-Konzeption ist die Skripten-Reihe (JURIQ Erfolgstraining) f\u00fcr den Einstieg und das Klausurentraining (Schwerpunkte Klausurenkurs).<\/p>\n<p>Viele Leserinnen und Leser sagen uns ganz offen, was ihnen geholfen hat, was ihnen missf\u00e4llt und wo sie Nachholbedarf sehen. Solche Hinweise sind f\u00fcr uns immer besonders interessant. Wir freuen uns deshalb \u00fcber Eure R\u00fcckmeldungen, bspw. unter: <a href=\"mailto:online-marketing@cfmueller.de\">online-marketing@cfmueller.de<\/a><\/p>\n<p>&nbsp;<\/p>\n<p>freischuss-Hefte: Ausgabe 1\/2010, Ausgabe 2\/2010, Ausgabe 1\/2011, Ausgabe 2\/2011, Ausgabe 1\/2012, Ausgabe 2\/2012, Ausgabe 1\/2013, Ausgabe 2\/2013, Ausgabe 1\/2014, Ausgabe 2\/2014, Ausgabe 1\/2015, Ausgabe 2\/2015, Ausgabe 1\/2016, Ausgabe 2\/2016<\/p>\n","protected":false},"excerpt":{"rendered":"<p>Generationen von Jura-Studierenden haben sich mit den C.F. M\u00fcller Lehrbuch-Reihen wie der \u201eblauen Reihe\u201d (Schwerpunkte Pflichtfach und Schwerpunktbereich) und der \u201egr\u00fcnen Reihe\u201d (Unirep Jura) auf ihr erstes und zweites Staatsexamen vorbereitet. J\u00fcngstes Mitglied in der Lernbuch-Konzeption ist die Skripten-Reihe (JURIQ Erfolgstraining) f\u00fcr den Einstieg und das Klausurentraining (Schwerpunkte Klausurenkurs). Viele Leserinnen und Leser sagen uns [&hellip;]<\/p>\n","protected":false},"author":1,"featured_media":0,"parent":0,"menu_order":0,"comment_status":"closed","ping_status":"closed","template":"","meta":[],"_links":{"self":[{"href":"https:\/\/blog.otto-schmidt.de\/cfmueller\/wp-json\/wp\/v2\/pages\/5"}],"collection":[{"href":"https:\/\/blog.otto-schmidt.de\/cfmueller\/wp-json\/wp\/v2\/pages"}],"about":[{"href":"https:\/\/blog.otto-schmidt.de\/cfmueller\/wp-json\/wp\/v2\/types\/page"}],"author":[{"embeddable":true,"href":"https:\/\/blog.otto-schmidt.de\/cfmueller\/wp-json\/wp\/v2\/users\/1"}],"replies":[{"embeddable":true,"href":"https:\/\/blog.otto-schmidt.de\/cfmueller\/wp-json\/wp\/v2\/comments?post=5"}],"version-history":[{"count":15,"href":"https:\/\/blog.otto-schmidt.de\/cfmueller\/wp-json\/wp\/v2\/pages\/5\/revisions"}],"predecessor-version":[{"id":105,"href":"https:\/\/blog.otto-schmidt.de\/cfmueller\/wp-json\/wp\/v2\/pages\/5\/revisions\/105"}],"wp:attachment":[{"href":"https:\/\/blog.otto-schmidt.de\/cfmueller\/wp-json\/wp\/v2\/media?parent=5"}],"curies":[{"name":"wp","href":"https:\/\/api.w.org\/{rel}","templated":true}]}}