{"id":21,"date":"2016-03-23T13:19:54","date_gmt":"2016-03-23T12:19:54","guid":{"rendered":"http:\/\/blog.otto-schmidt.de\/mdr\/?page_id=21"},"modified":"2023-10-12T17:23:36","modified_gmt":"2023-10-12T15:23:36","slug":"die-autoren","status":"publish","type":"page","link":"https:\/\/blog.otto-schmidt.de\/mdr\/die-autoren\/","title":{"rendered":"Die Autoren"},"content":{"rendered":"<p><strong>Dr. Klaus Bacher<\/strong><br \/>\nDr. Klaus Bacher ist Richter am Bundesgerichtshof und dort dem X. Zivilsenat sowie dem Kartellsenat zugewiesen. Er geh\u00f6rt zum Herausgeberbeirat der <a href=\"https:\/\/www.otto-schmidt.de\/monatsschrift-fur-deutsches-recht-mdr-probeabo-03401812\">MDR<\/a> und ist Mitautor des <a href=\"https:\/\/www.otto-schmidt.de\/das-prozessformularbuch-9783504070205\">Prozessformularbuchs (Hrsg. Vorwerk)<\/a>.<\/p>\n<p><strong><a href=\"http:\/\/www.jura.uni-halle.de\/lehrstuehle_dozenten\/meller-hannich\/\" target=\"_blank\" rel=\"noopener\">Prof. Dr. Caroline Meller-Hannich<\/a><\/strong><br \/>\nProf. Dr. Caroline Meller-Hannich ist Professorin an der Universit\u00e4t Halle Wittenberg und hat dort den Lehrstuhl f\u00fcr B\u00fcrgerliches Recht, Zivilprozessrecht und Handelsrecht inne. Ihre Forschungsschwerpunkte liegen im nationalen und internationalen Zivilverfahrensrecht, einschlie\u00dflich Zwangsvollstreckungs- und Insolvenzrecht.<\/p>\n<p><strong><a href=\"https:\/\/blog.otto-schmidt.de\/mdr\/author\/hwlaumen\/\">Dr. Hans-Willi Laumen<\/a><br \/>\n<\/strong>Dr. Hans-Willi Laumen ist Pr\u00e4sident AG K\u00f6ln a.D. Er geh\u00f6rt zum festen Autorenteam der <a href=\"https:\/\/www.otto-schmidt.de\/monatsschrift-fur-deutsches-recht-mdr-probeabo-03401812\">MDR<\/a>.<\/p>\n<p><strong><a href=\"https:\/\/blog.otto-schmidt.de\/mdr\/author\/fofischer\/\">Dr. Frank O. Fischer<\/a><br \/>\n<\/strong>Dr. Frank O. Fischer ist Richter am AG in Offenbach\/Main. Er geh\u00f6rt zum festen Autorenteam der <a href=\"https:\/\/www.otto-schmidt.de\/monatsschrift-fur-deutsches-recht-mdr-probeabo-03401812\">MDR<\/a> und ist Mitautor des <a href=\"https:\/\/www.otto-schmidt.de\/das-prozessformularbuch-9783504070205\">Prozessformularbuchs (Hrsg. Vorwerk)<\/a>.<\/p>\n<p><strong><a href=\"https:\/\/blog.otto-schmidt.de\/mdr\/author\/pfoelsch\/\">Peter F\u00f6lsch<\/a><br \/>\n<\/strong>Peter F\u00f6lsch ist Richter am LG L\u00fcbeck. Er geh\u00f6rt zum festen Autorenteam der <a href=\"https:\/\/www.otto-schmidt.de\/monatsschrift-fur-deutsches-recht-mdr-probeabo-03401812\">MDR<\/a>.<\/p>\n<p><strong><a href=\"https:\/\/blog.otto-schmidt.de\/mdr\/author\/mboese\/\">Dr. Matthias B\u00f6se<\/a><br \/>\n<\/strong>Dr. Matthias B\u00f6se ist Rechtsanwalt in der Kanzlei <a href=\"http:\/\/www.franz.de\" target=\"_blank\" rel=\"noopener\">Franz LLP<\/a>.<\/p>\n<p><strong><a href=\"https:\/\/blog.otto-schmidt.de\/mdr\/author\/efuehrich\/\">Prof. Dr. Ernst F\u00fchrich<\/a><br \/>\n<\/strong>Prof. Dr. Ernst F\u00fchrich ist Richter a.D. und Professor a.D. f\u00fcr B\u00fcrgerliches Recht, Handelsrecht und Reiserecht der Hochschule Kempten. Er geh\u00f6rt zum festen Autorenteam der <a href=\"https:\/\/www.otto-schmidt.de\/monatsschrift-fur-deutsches-recht-mdr-probeabo-03401812\">MDR<\/a>.<\/p>\n<p><strong>Hans Christian Schwenker<\/strong><br \/>\nRA Hans Christian Schwenker ist Fachanwalt f\u00fcr Bau- und Architektenrecht und Partner <a href=\"https:\/\/www.addlegal.de\/hans-christian-schwenker\" target=\"_blank\" rel=\"noopener\">add LEGAL Rechtsanw\u00e4lte<\/a> in Hannover. Er ist Mitautor des BGB-Kommentars von <a href=\"https:\/\/www.otto-schmidt.de\/bgb-9783504471132.html\" target=\"_blank\" rel=\"noopener\">Erman<\/a>.<\/p>\n<p><strong>Dr. Markus Wessel<\/strong><br \/>\nDr. Markus Wessel ist Vorsitzender Richter am OLG Celle.<\/p>\n<p><strong><a href=\"https:\/\/blog.otto-schmidt.de\/mdr\/author\/asiegmund\/\">Dr. Alexander Siegmund<\/a><br \/>\n<\/strong>Dr. Alexander Siegmund ist Rechtsanwalt in der Kanzlei ASR Astner S\u00fcnkenberg Rechtsanw\u00e4lte in M\u00fcnchen.<br \/>\nEr geh\u00f6rt zum festen Autorenteam der <a href=\"https:\/\/www.otto-schmidt.de\/monatsschrift-fur-deutsches-recht-mdr-probeabo-03401812\">MDR<\/a> und ist Mitautor des Kommentars zum <a href=\"https:\/\/www.otto-schmidt.de\/anwaltliches-berufsrecht-9783504067625\">Anwaltlichen Berufsrecht (Hrsg. Gaier\/Wolf\/G\u00f6cken)<\/a>.<\/p>\n<p><strong><!-- a href=\"https:\/\/blog.otto-schmidt.de\/mdr\/author\/usalten\/\" -->Uwe Salten<!-- \/a --><br \/>\n<\/strong>Der Autor ist Rechtspfleger beim Amtsgericht Hagen und Mitglied der Verfahrenspflegestelle \u201eAutomatisiertes gerichtliches Mahnverfahren in NRW I\u201c. Er geh\u00f6rt zum festen Autorenteam der <a href=\"https:\/\/www.otto-schmidt.de\/monatsschrift-fur-deutsches-recht-mdr-probeabo-03401812\">MDR<\/a> und ist Mitherausgeber des Werkes <a href=\"https:\/\/www.otto-schmidt.de\/gerichtliches-mahnverfahren-und-zwangsvollstreckung-9783504479558\">Gerichtliches Mahnverfahren und Zwangsvollstreckung<\/a>.<\/p>\n<p><strong>Prof. Dr. Dr. Herbert Grziwotz<\/strong><br \/>\nProf. Dr. Dr. Herbert Grziwotz ist Notar in Regen und Zwiesel und Honorarprofessor an der Universit\u00e4t Regensburg. Er geh\u00f6rt zum Herausgeberbeirat der <a href=\"https:\/\/www.otto-schmidt.de\/monatsschrift-fur-deutsches-recht-mdr-probeabo-03401812\">MDR<\/a>.<\/p>\n<p>&nbsp;<\/p>\n","protected":false},"excerpt":{"rendered":"<p>Dr. Klaus Bacher Dr. Klaus Bacher ist Richter am Bundesgerichtshof und dort dem X. Zivilsenat sowie dem Kartellsenat zugewiesen. Er geh\u00f6rt zum Herausgeberbeirat der MDR und ist Mitautor des Prozessformularbuchs (Hrsg. Vorwerk). Prof. Dr. Caroline Meller-Hannich Prof. Dr. Caroline Meller-Hannich ist Professorin an der Universit\u00e4t Halle Wittenberg und hat dort den Lehrstuhl f\u00fcr B\u00fcrgerliches Recht, [&hellip;]<\/p>\n","protected":false},"author":7,"featured_media":0,"parent":0,"menu_order":0,"comment_status":"closed","ping_status":"closed","template":"","meta":[],"_links":{"self":[{"href":"https:\/\/blog.otto-schmidt.de\/mdr\/wp-json\/wp\/v2\/pages\/21"}],"collection":[{"href":"https:\/\/blog.otto-schmidt.de\/mdr\/wp-json\/wp\/v2\/pages"}],"about":[{"href":"https:\/\/blog.otto-schmidt.de\/mdr\/wp-json\/wp\/v2\/types\/page"}],"author":[{"embeddable":true,"href":"https:\/\/blog.otto-schmidt.de\/mdr\/wp-json\/wp\/v2\/users\/7"}],"replies":[{"embeddable":true,"href":"https:\/\/blog.otto-schmidt.de\/mdr\/wp-json\/wp\/v2\/comments?post=21"}],"version-history":[{"count":24,"href":"https:\/\/blog.otto-schmidt.de\/mdr\/wp-json\/wp\/v2\/pages\/21\/revisions"}],"predecessor-version":[{"id":2768,"href":"https:\/\/blog.otto-schmidt.de\/mdr\/wp-json\/wp\/v2\/pages\/21\/revisions\/2768"}],"wp:attachment":[{"href":"https:\/\/blog.otto-schmidt.de\/mdr\/wp-json\/wp\/v2\/media?parent=21"}],"curies":[{"name":"wp","href":"https:\/\/api.w.org\/{rel}","templated":true}]}}