{"id":7,"date":"2017-09-22T16:38:42","date_gmt":"2017-09-22T14:38:42","guid":{"rendered":"http:\/\/blog.otto-schmidt.de\/mediation\/?page_id=7"},"modified":"2017-09-22T16:39:35","modified_gmt":"2017-09-22T14:39:35","slug":"social-media-buttons","status":"publish","type":"page","link":"https:\/\/blog.otto-schmidt.de\/mediation\/social-media-buttons\/","title":{"rendered":"Social-Media-Buttons"},"content":{"rendered":"<p>Mediation-Blog verwendet &#8222;Shariff&#8220;: Social-Media-Buttons mit Datenschutz<\/p>\n<p>Mit Shariff sch\u00fctzen Webseiten-Betreiber die Privatsph\u00e4re ihrer Besucher vor der \u00fcbertriebenen Neugierde sozialer Netzwerke wie Facebook, Google+ und Twitter. F\u00fcr die Besucher reicht ein Klick, um eine Seite mit Freunden zu teilen.<\/p>\n<p>Mit Shariff k\u00f6nnen Sie Social Media nutzen, ohne Ihre Privatsph\u00e4re unn\u00f6tig aufs Spiel zu setzen. Das <a href=\"http:\/\/www.heise.de\/ct\/artikel\/Shariff-Social-Media-Buttons-mit-Datenschutz-2467514.html\" target=\"_blank\">c&#8217;t-Projekt Shariff<\/a> ersetzt die \u00fcblichen Share-Buttons der Social Networks und sch\u00fctzt Ihr Surf-Verhalten vor neugierigen Blicken. Dennoch reicht ein einziger Klick auf den Button, um Informationen mit anderen zu teilen. Sie m\u00fcssen hierf\u00fcr nichts weiter unternehmen \u2013 der Webmaster hat sich bereits um alles gek\u00fcmmert.<\/p>\n<p>&nbsp;<\/p>\n","protected":false},"excerpt":{"rendered":"<p>Mediation-Blog verwendet &#8222;Shariff&#8220;: Social-Media-Buttons mit Datenschutz Mit Shariff sch\u00fctzen Webseiten-Betreiber die Privatsph\u00e4re ihrer Besucher vor der \u00fcbertriebenen Neugierde sozialer Netzwerke wie Facebook, Google+ und Twitter. F\u00fcr die Besucher reicht ein Klick, um eine Seite mit Freunden zu teilen. Mit Shariff k\u00f6nnen Sie Social Media nutzen, ohne Ihre Privatsph\u00e4re unn\u00f6tig aufs Spiel zu setzen. Das c&#8217;t-Projekt [&hellip;]<\/p>\n","protected":false},"author":1,"featured_media":0,"parent":0,"menu_order":0,"comment_status":"closed","ping_status":"closed","template":"","meta":[],"_links":{"self":[{"href":"https:\/\/blog.otto-schmidt.de\/mediation\/wp-json\/wp\/v2\/pages\/7"}],"collection":[{"href":"https:\/\/blog.otto-schmidt.de\/mediation\/wp-json\/wp\/v2\/pages"}],"about":[{"href":"https:\/\/blog.otto-schmidt.de\/mediation\/wp-json\/wp\/v2\/types\/page"}],"author":[{"embeddable":true,"href":"https:\/\/blog.otto-schmidt.de\/mediation\/wp-json\/wp\/v2\/users\/1"}],"replies":[{"embeddable":true,"href":"https:\/\/blog.otto-schmidt.de\/mediation\/wp-json\/wp\/v2\/comments?post=7"}],"version-history":[{"count":2,"href":"https:\/\/blog.otto-schmidt.de\/mediation\/wp-json\/wp\/v2\/pages\/7\/revisions"}],"predecessor-version":[{"id":10,"href":"https:\/\/blog.otto-schmidt.de\/mediation\/wp-json\/wp\/v2\/pages\/7\/revisions\/10"}],"wp:attachment":[{"href":"https:\/\/blog.otto-schmidt.de\/mediation\/wp-json\/wp\/v2\/media?parent=7"}],"curies":[{"name":"wp","href":"https:\/\/api.w.org\/{rel}","templated":true}]}}